{"id":283,"date":"2017-10-13T12:53:53","date_gmt":"2017-10-13T12:53:53","guid":{"rendered":"http:\/\/www.keyportlock.com\/about-us\/"},"modified":"2019-07-11T12:00:52","modified_gmt":"2019-07-11T12:00:52","slug":"a-propos","status":"publish","type":"page","link":"https:\/\/www.keyportlock.com\/fr\/a-propos\/","title":{"rendered":"\u00c0 Propos"},"content":{"rendered":"<div id=\"pl-283\"  class=\"panel-layout\" ><div id=\"pg-283-0\"  class=\"panel-grid panel-no-style\" ><div id=\"pgc-283-0-0\"  class=\"panel-grid-cell\" ><div id=\"panel-283-0-0-0\" class=\"so-panel widget widget_sow-editor panel-first-child panel-last-child\" data-index=\"0\" ><div\n\t\t\t\n\t\t\tclass=\"so-widget-sow-editor so-widget-sow-editor-base\"\n\t\t\t\n\t\t>\n<div class=\"siteorigin-widget-tinymce textwidget\">\n\t<p>Fond\u00e9e en 1970, Keyport Lock Corporation est un distributeur de cadenas, de serrures fabriqu\u00e9es sur mesure et d'accessoires pour les motocyclettes, les v\u00e9los, les VR, les VTT, et les remorques.<\/p>\n<p>Keyport est fi\u00e8re de maintenir un large inventaire de ses produits de haute qualit\u00e9 pour garantir une livraison rapide. Les commandes sont exp\u00e9di\u00e9es le jour m\u00eame de leur r\u00e9ception.<\/p>\n<p>Nous comptons parmi les principaux fournisseurs et centres de distribution de produits antivol au Canada.<\/p>\n<p>Nous sommes sp\u00e9cialis\u00e9s dans la personnalisation d'une large gamme de serrures et de cl\u00e9s pour :<\/p>\n<div class=\"row\">\n<div class=\"col-sm-6\">\n<ul class=\"check-list\">\n<li>Les serruriers<\/li>\n<li>L\u2019industrie des remorques et des VR<\/li>\n<li>Les \u00e9coles et conseils scolaires<\/li>\n<\/ul>\n<\/div>\n<div class=\"col-sm-6\">\n<ul class=\"check-list\">\n<li>Les gymnases et centres communautaires<\/li>\n<li>Les entreprises industrielles<\/li>\n<li>Bien autres\u2026<\/li>\n<\/ul>\n<\/div>\n<\/div>\n<p>Chez Keyport, nous nous engageons \u00e0 \u00e9largir notre offre de produits tout en continuant \u00e0 mettre l'accent sur la satisfaction de la client\u00e8le.<\/p>\n<p>Nous sommes fiers d'\u00eatre fournisseurs et distributeurs des marques suivantes :<\/p>\n<\/div>\n<\/div><\/div><\/div><\/div><div id=\"pg-283-1\"  class=\"panel-grid panel-no-style\" ><div id=\"pgc-283-1-0\"  class=\"panel-grid-cell\" ><div id=\"panel-283-1-0-0\" class=\"so-panel widget widget_sow-image panel-first-child panel-last-child\" data-index=\"1\" ><div class=\"tilt panel-widget-style panel-widget-style-for-283-1-0-0\" ><div\n\t\t\t\n\t\t\tclass=\"so-widget-sow-image so-widget-sow-image-default-c67d20f9f743-283\"\n\t\t\t\n\t\t>\n<div class=\"sow-image-container\">\n\t\t\t<a href=\"http:\/\/www.ymca.ca\/\"\n\t\t\ttarget=\"_blank\" rel=\"noopener noreferrer\" \t\t>\n\t\t\t<img \n\tsrc=\"https:\/\/www.keyportlock.com\/wp-content\/uploads\/2017\/10\/Brandmark_2reds_RGB.jpg\" width=\"162\" height=\"162\" srcset=\"https:\/\/www.keyportlock.com\/wp-content\/uploads\/2017\/10\/Brandmark_2reds_RGB.jpg 162w, https:\/\/www.keyportlock.com\/wp-content\/uploads\/2017\/10\/Brandmark_2reds_RGB-150x150.jpg 150w, https:\/\/www.keyportlock.com\/wp-content\/uploads\/2017\/10\/Brandmark_2reds_RGB-60x60.jpg 60w\" sizes=\"(max-width: 162px) 100vw, 162px\" alt=\"\" \t\tclass=\"so-widget-image\"\/>\n\t\t\t<\/a><\/div>\n\n<\/div><\/div><\/div><\/div><div id=\"pgc-283-1-1\"  class=\"panel-grid-cell\" ><div id=\"panel-283-1-1-0\" class=\"so-panel widget widget_sow-image panel-first-child panel-last-child\" data-index=\"2\" ><div class=\"tilt panel-widget-style panel-widget-style-for-283-1-1-0\" ><div\n\t\t\t\n\t\t\tclass=\"so-widget-sow-image so-widget-sow-image-default-c67d20f9f743-283\"\n\t\t\t\n\t\t>\n<div class=\"sow-image-container\">\n\t\t\t<a href=\"http:\/\/www.axiomlock.com\/\"\n\t\t\ttarget=\"_blank\" rel=\"noopener noreferrer\" \t\t>\n\t\t\t<img \n\tsrc=\"https:\/\/www.keyportlock.com\/wp-content\/uploads\/2017\/10\/Axiom-TM-Square-300x300.jpg\" width=\"151\" height=\"151\" srcset=\"https:\/\/www.keyportlock.com\/wp-content\/uploads\/2017\/10\/Axiom-TM-Square-300x300.jpg 151w, https:\/\/www.keyportlock.com\/wp-content\/uploads\/2017\/10\/Axiom-TM-Square-300x300-150x150.jpg 150w, https:\/\/www.keyportlock.com\/wp-content\/uploads\/2017\/10\/Axiom-TM-Square-300x300-60x60.jpg 60w\" sizes=\"(max-width: 151px) 100vw, 151px\" title=\"Axiom-TM-Square-300&#215;300\" alt=\"\" \t\tclass=\"so-widget-image\"\/>\n\t\t\t<\/a><\/div>\n\n<\/div><\/div><\/div><\/div><div id=\"pgc-283-1-2\"  class=\"panel-grid-cell\" ><div id=\"panel-283-1-2-0\" class=\"so-panel widget widget_sow-image panel-first-child panel-last-child\" data-index=\"3\" ><div class=\"tilt panel-widget-style panel-widget-style-for-283-1-2-0\" ><div\n\t\t\t\n\t\t\tclass=\"so-widget-sow-image so-widget-sow-image-default-c67d20f9f743-283\"\n\t\t\t\n\t\t>\n<div class=\"sow-image-container\">\n\t\t\t<a href=\"http:\/\/www.masterlock.com\/\"\n\t\t\ttarget=\"_blank\" rel=\"noopener noreferrer\" \t\t>\n\t\t\t<img \n\tsrc=\"https:\/\/www.keyportlock.com\/wp-content\/uploads\/2017\/10\/Master.jpg\" width=\"151\" height=\"151\" srcset=\"https:\/\/www.keyportlock.com\/wp-content\/uploads\/2017\/10\/Master.jpg 151w, https:\/\/www.keyportlock.com\/wp-content\/uploads\/2017\/10\/Master-150x150.jpg 150w, https:\/\/www.keyportlock.com\/wp-content\/uploads\/2017\/10\/Master-60x60.jpg 60w\" sizes=\"(max-width: 151px) 100vw, 151px\" alt=\"\" \t\tclass=\"so-widget-image\"\/>\n\t\t\t<\/a><\/div>\n\n<\/div><\/div><\/div><\/div><div id=\"pgc-283-1-3\"  class=\"panel-grid-cell\" ><div id=\"panel-283-1-3-0\" class=\"so-panel widget widget_sow-image panel-first-child panel-last-child\" data-index=\"4\" ><div class=\"tilt panel-widget-style panel-widget-style-for-283-1-3-0\" ><div\n\t\t\t\n\t\t\tclass=\"so-widget-sow-image so-widget-sow-image-default-c67d20f9f743-283\"\n\t\t\t\n\t\t>\n<div class=\"sow-image-container\">\n\t\t\t<a href=\"http:\/\/www.americanlock.com\/\"\n\t\t\ttarget=\"_blank\" rel=\"noopener noreferrer\" \t\t>\n\t\t\t<img \n\tsrc=\"https:\/\/www.keyportlock.com\/wp-content\/uploads\/2017\/10\/American-Small-Box-265x300.jpg\" width=\"151\" height=\"151\" srcset=\"https:\/\/www.keyportlock.com\/wp-content\/uploads\/2017\/10\/American-Small-Box-265x300.jpg 151w, https:\/\/www.keyportlock.com\/wp-content\/uploads\/2017\/10\/American-Small-Box-265x300-150x150.jpg 150w, https:\/\/www.keyportlock.com\/wp-content\/uploads\/2017\/10\/American-Small-Box-265x300-60x60.jpg 60w\" sizes=\"(max-width: 151px) 100vw, 151px\" title=\"American-Small-Box-265&#215;300\" alt=\"\" \t\tclass=\"so-widget-image\"\/>\n\t\t\t<\/a><\/div>\n\n<\/div><\/div><\/div><\/div><\/div><\/div>","protected":false},"excerpt":{"rendered":"<p>Fond\u00e9e en 1970, Keyport Lock Corporation est un distributeur de cadenas, de serrures fabriqu\u00e9es sur mesure et d&rsquo;accessoires pour les motocyclettes, les v\u00e9los, les VR, les VTT, et les remorques. Keyport est fi\u00e8re de maintenir un large inventaire de ses produits de haute qualit\u00e9 pour garantir une livraison rapide. Les commandes sont exp\u00e9di\u00e9es le jour [&hellip;]<\/p>\n","protected":false},"author":1,"featured_media":0,"parent":0,"menu_order":0,"comment_status":"closed","ping_status":"open","template":"page-fullwidth.php","meta":{"footnotes":""},"class_list":["post-283","page","type-page","status-publish","hentry"],"_links":{"self":[{"href":"https:\/\/www.keyportlock.com\/fr\/wp-json\/wp\/v2\/pages\/283","targetHints":{"allow":["GET"]}}],"collection":[{"href":"https:\/\/www.keyportlock.com\/fr\/wp-json\/wp\/v2\/pages"}],"about":[{"href":"https:\/\/www.keyportlock.com\/fr\/wp-json\/wp\/v2\/types\/page"}],"author":[{"embeddable":true,"href":"https:\/\/www.keyportlock.com\/fr\/wp-json\/wp\/v2\/users\/1"}],"replies":[{"embeddable":true,"href":"https:\/\/www.keyportlock.com\/fr\/wp-json\/wp\/v2\/comments?post=283"}],"version-history":[{"count":4,"href":"https:\/\/www.keyportlock.com\/fr\/wp-json\/wp\/v2\/pages\/283\/revisions"}],"predecessor-version":[{"id":314,"href":"https:\/\/www.keyportlock.com\/fr\/wp-json\/wp\/v2\/pages\/283\/revisions\/314"}],"wp:attachment":[{"href":"https:\/\/www.keyportlock.com\/fr\/wp-json\/wp\/v2\/media?parent=283"}],"curies":[{"name":"wp","href":"https:\/\/api.w.org\/{rel}","templated":true}]}}